{"id":22,"date":"2015-09-03T08:53:27","date_gmt":"2015-09-03T08:53:27","guid":{"rendered":"http:\/\/institut-nomade.org\/wordpress\/?page_id=22"},"modified":"2015-09-03T09:13:06","modified_gmt":"2015-09-03T09:13:06","slug":"test","status":"publish","type":"page","link":"http:\/\/institut-nomade.org\/wordpress\/","title":{"rendered":"Formes courtes, \u00e9crites, parl\u00e9es, dessin\u00e9es, \u00e0 partir de ce qui a \u00e9t\u00e9 vu, lu ou entendu, \u00e7\u00e0 et l\u00e0."},"content":{"rendered":"<div id=\"WE542f7f71cb\" class=\"BaseDiv RWidth OEWEText OESK_WEText_Default\">\n<div class=\"OESZ OESZ_DivContent OESZG_WE542f7f71cb \"><\/div>\n<\/div>\n","protected":false},"excerpt":{"rendered":"","protected":false},"author":1,"featured_media":0,"parent":0,"menu_order":0,"comment_status":"closed","ping_status":"closed","template":"","meta":[],"_links":{"self":[{"href":"http:\/\/institut-nomade.org\/wordpress\/index.php?rest_route=\/wp\/v2\/pages\/22"}],"collection":[{"href":"http:\/\/institut-nomade.org\/wordpress\/index.php?rest_route=\/wp\/v2\/pages"}],"about":[{"href":"http:\/\/institut-nomade.org\/wordpress\/index.php?rest_route=\/wp\/v2\/types\/page"}],"author":[{"embeddable":true,"href":"http:\/\/institut-nomade.org\/wordpress\/index.php?rest_route=\/wp\/v2\/users\/1"}],"replies":[{"embeddable":true,"href":"http:\/\/institut-nomade.org\/wordpress\/index.php?rest_route=%2Fwp%2Fv2%2Fcomments&post=22"}],"version-history":[{"count":4,"href":"http:\/\/institut-nomade.org\/wordpress\/index.php?rest_route=\/wp\/v2\/pages\/22\/revisions"}],"predecessor-version":[{"id":30,"href":"http:\/\/institut-nomade.org\/wordpress\/index.php?rest_route=\/wp\/v2\/pages\/22\/revisions\/30"}],"wp:attachment":[{"href":"http:\/\/institut-nomade.org\/wordpress\/index.php?rest_route=%2Fwp%2Fv2%2Fmedia&parent=22"}],"curies":[{"name":"wp","href":"https:\/\/api.w.org\/{rel}","templated":true}]}}