{"id":12,"date":"2021-11-11T12:37:41","date_gmt":"2021-11-11T11:37:41","guid":{"rendered":"https:\/\/institut-nomade.org\/rhizomes-radio\/?page_id=12"},"modified":"2024-11-28T15:17:00","modified_gmt":"2024-11-28T14:17:00","slug":"creez-votre-site-avec-des-blocs","status":"publish","type":"page","link":"https:\/\/institut-nomade.org\/rhizomes-radio\/","title":{"rendered":"\u00c9coutez les \u00e9missions"},"content":{"rendered":"\n<h3 class=\"wp-block-heading alignwide has-text-align-wide has-gigantic-font-size\" id=\"echoes-collages-octobre-2021\" style=\"line-height:1.1\">SP\u00c9CIALE QUEER !  &#8211; novembre 2024<\/h3>\n\n\n\n<figure class=\"wp-block-audio\"><audio controls src=\"https:\/\/institut-nomade.org\/rhizomes-radio\/wp-content\/uploads\/2024\/11\/radio-rhizome_speciale-Queer_novembre-2024_OK-NRMLZD.mp3\"><\/audio><\/figure>\n\n\n\n<p>En partenariat avec le Papillon Noir Th\u00e9\u00e2tre, le centre LGBTI+ et la Queer Week 2023<br>Avec : Alexandre Serrano, Sophie Girard, Eliot S\u00e9vricourt, Aur\u00e9lie Guerinet, No\u00e9lie Pl\u00e9 et Salomon Ellia<\/p>\n\n\n\n<p>Prise de son : PNT &#8211; Caen, d\u00e9cembre 2023<br>R\u00e9alisation : Alexandre Le Petit<\/p>\n\n\n\n<hr class=\"wp-block-separator has-text-color has-vivid-red-color has-css-opacity has-vivid-red-background-color has-background\"\/>\n\n\n\n<h3 class=\"wp-block-heading alignwide has-text-align-wide has-gigantic-font-size\" id=\"echoes-collages-octobre-2021\" style=\"line-height:1.1\">SP\u00c9CIALE FESTIVAL D\u00c9CLIC : \u00ab\u00a0Corps, musique et danse\u00a0\u00bb &#8211; octobre 2022<\/h3>\n\n\n\n<figure class=\"wp-block-audio\"><audio controls src=\"https:\/\/institut-nomade.org\/rhizomes-radio\/wp-content\/uploads\/2022\/10\/Radio-Rhizomes-Speciale-Festival-Declic-octobre-2022.mp3\"><\/audio><\/figure>\n\n\n\n<p>Avec : Lara Gouix, AJA, Collectif O77, Alexandre Le Petit<\/p>\n\n\n\n<p>Prise de son : Festival D\u00e9clic, \u00c9glise St-Sauveur &#8211; Caen, le 19 septembre 2022<br>R\u00e9alisation : Alexandre Le Petit<\/p>\n\n\n\n<hr class=\"wp-block-separator has-text-color has-vivid-red-color has-css-opacity has-vivid-red-background-color has-background\"\/>\n\n\n\n<h3 class=\"wp-block-heading alignwide has-text-align-wide has-gigantic-font-size\" id=\"echoes-collages-octobre-2021\" style=\"line-height:1.1\">CARTE BLANCHE \u00c0 P\u00c9RIG VILLERBU &#8211; f\u00e9vrier 2022<\/h3>\n\n\n\n<figure class=\"wp-block-audio\"><audio controls src=\"https:\/\/institut-nomade.org\/\/radio\/rhizomes\/radio%20rhizomes%20-%20fevrier%202022%20-%20perig-nrmlzd.mp3\"><\/audio><\/figure>\n\n\n\n<p>Cr\u00e9ation sonore : P\u00e9rig Villerbu<\/p>\n\n\n\n<p>R\u00e9alisation : Alexandre Le Petit<\/p>\n\n\n\n<hr class=\"wp-block-separator has-text-color has-vivid-red-color has-css-opacity has-vivid-red-background-color has-background\"\/>\n\n\n\n<h3 class=\"wp-block-heading alignwide has-text-align-wide has-gigantic-font-size\" id=\"echoes-collages-octobre-2021\" style=\"line-height:1.1\">ECHOES &#8211; Collages &#8211; octobre 2021<\/h3>\n\n\n\n<figure class=\"wp-block-audio\"><audio controls src=\"https:\/\/institut-nomade.org\/rhizomes-radio\/wp-content\/uploads\/2021\/11\/radio-rhizomes-octobre-2021-echoes.mp3\"><\/audio><\/figure>\n\n\n\n<p>Conception, cr\u00e9ation &amp; r\u00e9alisation : Alexandre Le Petit<\/p>\n\n\n\n<hr class=\"wp-block-separator has-text-color has-vivid-red-color has-css-opacity has-vivid-red-background-color has-background\"\/>\n\n\n\n<h3 class=\"wp-block-heading alignwide has-text-align-wide has-gigantic-font-size\" id=\"sorcieres-juin-2018\" style=\"line-height:1.1\">SORCI\u00c8RES ! &#8211; juin 2018<\/h3>\n\n\n\n<figure class=\"wp-block-audio\"><audio controls src=\"https:\/\/institut-nomade.org\/rhizomes-radio\/wp-content\/uploads\/2021\/11\/RHZ-19_SORCIERES_JUIN-2018-2.mp3\"><\/audio><\/figure>\n\n\n\n<p> Conception &amp; r\u00e9alisation : Flora Pilet &amp; Alexandre Le Petit<\/p>\n\n\n\n<hr class=\"wp-block-separator has-text-color has-vivid-red-color has-css-opacity has-vivid-red-background-color has-background\"\/>\n\n\n\n<h3 class=\"wp-block-heading alignwide has-text-align-wide has-gigantic-font-size\" id=\"reconciliations-festival-alterites-avril-2017\" style=\"line-height:1.1\">R\u00c9CONCILIATIONS &#8211; Festival ALT\u00c9RIT\u00c9S &#8211; avril 2017<\/h3>\n\n\n\n<figure class=\"wp-block-audio\"><audio controls src=\"https:\/\/institut-nomade.org\/rhizomes-radio\/wp-content\/uploads\/2021\/11\/Alterites_reconciliation-2.mp3\"><\/audio><\/figure>\n\n\n\n<p> Conception &amp; r\u00e9alisation : Flora Pilet<\/p>\n\n\n\n<hr class=\"wp-block-separator has-text-color has-vivid-red-color has-css-opacity has-vivid-red-background-color has-background\"\/>\n\n\n\n<h3 class=\"wp-block-heading alignwide has-text-align-wide has-gigantic-font-size\" id=\"corpus-1-direct-janvier-2016\" style=\"line-height:1.1\">CORPUS #1 &#8211; Direct &#8211; janvier 2016<\/h3>\n\n\n\n<figure class=\"wp-block-audio\"><audio controls src=\"https:\/\/institut-nomade.org\/rhizomes-radio\/wp-content\/uploads\/2021\/11\/in_emission-de-radio_rhizomes-1_666-2.mp3\"><\/audio><\/figure>\n\n\n\n<p> Conception &amp; r\u00e9alisation : Alexandre Le Petit <\/p>\n\n\n\n<hr class=\"wp-block-separator has-text-color has-vivid-red-color has-css-opacity has-vivid-red-background-color has-background\"\/>\n\n\n\n<h3 class=\"wp-block-heading alignwide has-text-align-wide has-gigantic-font-size\" id=\"corpus-2-direct-fevrier-2016\" style=\"line-height:1.1\">CORPUS #2 &#8211; Direct &#8211; f\u00e9vrier 2016<\/h3>\n\n\n\n<figure class=\"wp-block-audio\"><audio controls src=\"https:\/\/institut-nomade.org\/rhizomes-radio\/wp-content\/uploads\/2021\/11\/in_emission-de-radio_rhizomes-2_666-2.mp3\"><\/audio><\/figure>\n\n\n\n<p> Conception &amp; r\u00e9alisation : Alexandre Le Petit <\/p>\n\n\n\n<hr class=\"wp-block-separator has-text-color has-vivid-red-color has-css-opacity has-vivid-red-background-color has-background\"\/>\n\n\n\n<h3 class=\"wp-block-heading alignwide has-text-align-wide has-gigantic-font-size\" id=\"corpus-3-ghost-ride-novembre-2016\" style=\"line-height:1.1\">CORPUS #3 &#8211; Ghost Ride &#8211; novembre 2016<\/h3>\n\n\n\n<figure class=\"wp-block-audio\"><audio controls src=\"https:\/\/institut-nomade.org\/rhizomes-radio\/wp-content\/uploads\/2021\/11\/rhizomes7_corpus3-2.mp3\"><\/audio><\/figure>\n\n\n\n<p> Conception &amp; r\u00e9alisation : Alexandre Le Petit <\/p>\n","protected":false},"excerpt":{"rendered":"<p>SP\u00c9CIALE QUEER ! &#8211; novembre 2024 En partenariat avec le Papillon Noir Th\u00e9\u00e2tre, le centre LGBTI+ et la Queer Week 2023Avec : Alexandre Serrano, Sophie Girard, Eliot S\u00e9vricourt, Aur\u00e9lie Guerinet, No\u00e9lie Pl\u00e9 et Salomon Ellia Prise de son : PNT &#8211; Caen, d\u00e9cembre 2023R\u00e9alisation : Alexandre Le Petit SP\u00c9CIALE FESTIVAL D\u00c9CLIC : \u00ab\u00a0Corps, musique et [&hellip;]<\/p>\n","protected":false},"author":1,"featured_media":0,"parent":0,"menu_order":0,"comment_status":"closed","ping_status":"closed","template":"template-fullwidth.php","meta":{"footnotes":""},"class_list":["post-12","page","type-page","status-publish","hentry"],"_links":{"self":[{"href":"https:\/\/institut-nomade.org\/rhizomes-radio\/wp-json\/wp\/v2\/pages\/12","targetHints":{"allow":["GET"]}}],"collection":[{"href":"https:\/\/institut-nomade.org\/rhizomes-radio\/wp-json\/wp\/v2\/pages"}],"about":[{"href":"https:\/\/institut-nomade.org\/rhizomes-radio\/wp-json\/wp\/v2\/types\/page"}],"author":[{"embeddable":true,"href":"https:\/\/institut-nomade.org\/rhizomes-radio\/wp-json\/wp\/v2\/users\/1"}],"replies":[{"embeddable":true,"href":"https:\/\/institut-nomade.org\/rhizomes-radio\/wp-json\/wp\/v2\/comments?post=12"}],"version-history":[{"count":34,"href":"https:\/\/institut-nomade.org\/rhizomes-radio\/wp-json\/wp\/v2\/pages\/12\/revisions"}],"predecessor-version":[{"id":139,"href":"https:\/\/institut-nomade.org\/rhizomes-radio\/wp-json\/wp\/v2\/pages\/12\/revisions\/139"}],"wp:attachment":[{"href":"https:\/\/institut-nomade.org\/rhizomes-radio\/wp-json\/wp\/v2\/media?parent=12"}],"curies":[{"name":"wp","href":"https:\/\/api.w.org\/{rel}","templated":true}]}}