{"id":49,"date":"2021-11-11T19:48:13","date_gmt":"2021-11-11T18:48:13","guid":{"rendered":"https:\/\/institut-nomade.org\/rhizomes-radio\/?page_id=49"},"modified":"2021-11-16T15:21:31","modified_gmt":"2021-11-16T14:21:31","slug":"archives","status":"publish","type":"page","link":"https:\/\/institut-nomade.org\/rhizomes-radio\/archives\/","title":{"rendered":"Archives"},"content":{"rendered":"\n<p>Retrouvez toutes les archives de Radio : Rhizomes (2016-2020)<\/p>\n\n\n\n<h3 class=\"wp-block-heading\">JOIE &#8211; mars 2016<\/h3>\n\n\n\n<figure class=\"wp-block-audio\"><audio controls src=\"https:\/\/institut-nomade.org\/rhizomes-radio\/wp-content\/uploads\/2021\/11\/rhizhomes3-joie_mars-2016-1.mp3\"><\/audio><\/figure>\n\n\n\n<h3 class=\"wp-block-heading\">TRISTESSE &#8211; avril 2016<\/h3>\n\n\n\n<figure class=\"wp-block-audio\"><audio controls src=\"https:\/\/institut-nomade.org\/rhizomes-radio\/wp-content\/uploads\/2021\/11\/rhizomes4tristesse_avril-2016.mp3\"><\/audio><\/figure>\n\n\n\n<h3 class=\"wp-block-heading\">D\u00c9SIR &#8211; mai 2016<\/h3>\n\n\n\n<figure class=\"wp-block-audio\"><audio controls src=\"https:\/\/institut-nomade.org\/rhizomes-radio\/wp-content\/uploads\/2021\/11\/rhz5_desir_mai-2016.mp3\"><\/audio><\/figure>\n\n\n\n<h3 class=\"wp-block-heading\">ENGAGEMENT &#8211; juillet 2016<\/h3>\n\n\n\n<figure class=\"wp-block-audio\"><audio controls src=\"https:\/\/institut-nomade.org\/rhizomes-radio\/wp-content\/uploads\/2021\/11\/rhz6_engagement_juillet-2016.mp3\"><\/audio><\/figure>\n\n\n\n<h3 class=\"wp-block-heading\">GILLES DELEUZE &amp; MARY WIGMAN &#8211; janvier 2017<\/h3>\n\n\n\n<figure class=\"wp-block-audio\"><audio controls src=\"https:\/\/institut-nomade.org\/rhizomes-radio\/wp-content\/uploads\/2021\/11\/rhizomes_deleuze_wigman_janvier-2017.mp3\"><\/audio><\/figure>\n\n\n\n<h3 class=\"wp-block-heading\">ARTHUR SCHOPENHAUER &amp; CATHERINE RINGER &#8211; f\u00e9vrier2017<\/h3>\n\n\n\n<figure class=\"wp-block-audio\"><audio controls src=\"https:\/\/institut-nomade.org\/rhizomes-radio\/wp-content\/uploads\/2021\/11\/rhz_9_schop_ringer_fevrier-2017-2.mp3\"><\/audio><\/figure>\n\n\n\n<h3 class=\"wp-block-heading\">DAVID LYNCH &amp; M\u00c9D\u00c9E &#8211; mars 2017<\/h3>\n\n\n\n<figure class=\"wp-block-audio\"><audio controls src=\"https:\/\/institut-nomade.org\/rhizomes-radio\/wp-content\/uploads\/2021\/11\/Rhizomes-10_lynch_medee_mars-2017-2.mp3\"><\/audio><\/figure>\n\n\n\n<h3 class=\"wp-block-heading\">F\u00c9TICHES &#8211; juin 2017<\/h3>\n\n\n\n<figure class=\"wp-block-audio\"><audio controls src=\"https:\/\/institut-nomade.org\/rhizomes-radio\/wp-content\/uploads\/2021\/11\/score-rhz-13_fetiches_juin-2017.mp3\"><\/audio><\/figure>\n\n\n\n<h3 class=\"wp-block-heading\">TITANS &#8211; janvier 2018<\/h3>\n\n\n\n<figure class=\"wp-block-audio\"><audio controls src=\"https:\/\/institut-nomade.org\/rhizomes-radio\/wp-content\/uploads\/2021\/11\/rhizomes14_titans_janvier-2018.mp3\"><\/audio><\/figure>\n\n\n\n<h3 class=\"wp-block-heading\">JOURNAL &#8211; f\u00e9vrier 2018<\/h3>\n\n\n\n<figure class=\"wp-block-audio\"><audio controls src=\"https:\/\/institut-nomade.org\/rhizomes-radio\/wp-content\/uploads\/2021\/11\/rhizomes-15_journal_fevrier-2018-final-2.mp3\"><\/audio><\/figure>\n\n\n\n<h3 class=\"wp-block-heading\">INTERVIEWS &#8211; avril 2018<\/h3>\n\n\n\n<figure class=\"wp-block-audio\"><audio controls src=\"https:\/\/institut-nomade.org\/rhizomes-radio\/wp-content\/uploads\/2021\/11\/rhizomes16_itw_avril-2018.mp3\"><\/audio><\/figure>\n\n\n\n<h3 class=\"wp-block-heading\">SORCI\u00c8RES ! &#8211; juin 2018<\/h3>\n\n\n\n<figure class=\"wp-block-audio\"><audio controls src=\"https:\/\/institut-nomade.org\/rhizomes-radio\/wp-content\/uploads\/2021\/11\/RHZ-19_SORCIERES_JUIN-2018-2.mp3\"><\/audio><\/figure>\n\n\n\n<h3 class=\"wp-block-heading\">D\u00c9S\u0152UVRER &#8211; janvier 2019<\/h3>\n\n\n\n<figure class=\"wp-block-audio\"><audio controls src=\"https:\/\/institut-nomade.org\/rhizomes-radio\/wp-content\/uploads\/2021\/11\/rhizomes_desoeuvrer_sophie_janvier-2019.mp3\"><\/audio><\/figure>\n","protected":false},"excerpt":{"rendered":"<p>Retrouvez toutes les archives de Radio : Rhizomes (2016-2020) JOIE &#8211; mars 2016 TRISTESSE &#8211; avril 2016 D\u00c9SIR &#8211; mai 2016 ENGAGEMENT &#8211; juillet 2016 GILLES DELEUZE &amp; MARY WIGMAN &#8211; janvier 2017 ARTHUR SCHOPENHAUER &amp; CATHERINE RINGER &#8211; f\u00e9vrier2017 DAVID LYNCH &amp; M\u00c9D\u00c9E &#8211; mars 2017 F\u00c9TICHES &#8211; juin 2017 TITANS &#8211; janvier 2018 [&hellip;]<\/p>\n","protected":false},"author":1,"featured_media":0,"parent":0,"menu_order":0,"comment_status":"closed","ping_status":"closed","template":"template-fullwidth.php","meta":{"footnotes":""},"class_list":["post-49","page","type-page","status-publish","hentry"],"_links":{"self":[{"href":"https:\/\/institut-nomade.org\/rhizomes-radio\/wp-json\/wp\/v2\/pages\/49","targetHints":{"allow":["GET"]}}],"collection":[{"href":"https:\/\/institut-nomade.org\/rhizomes-radio\/wp-json\/wp\/v2\/pages"}],"about":[{"href":"https:\/\/institut-nomade.org\/rhizomes-radio\/wp-json\/wp\/v2\/types\/page"}],"author":[{"embeddable":true,"href":"https:\/\/institut-nomade.org\/rhizomes-radio\/wp-json\/wp\/v2\/users\/1"}],"replies":[{"embeddable":true,"href":"https:\/\/institut-nomade.org\/rhizomes-radio\/wp-json\/wp\/v2\/comments?post=49"}],"version-history":[{"count":11,"href":"https:\/\/institut-nomade.org\/rhizomes-radio\/wp-json\/wp\/v2\/pages\/49\/revisions"}],"predecessor-version":[{"id":121,"href":"https:\/\/institut-nomade.org\/rhizomes-radio\/wp-json\/wp\/v2\/pages\/49\/revisions\/121"}],"wp:attachment":[{"href":"https:\/\/institut-nomade.org\/rhizomes-radio\/wp-json\/wp\/v2\/media?parent=49"}],"curies":[{"name":"wp","href":"https:\/\/api.w.org\/{rel}","templated":true}]}}